{"id":4426,"date":"2024-02-09T11:57:59","date_gmt":"2024-02-09T15:57:59","guid":{"rendered":"https:\/\/ssmrd.com\/?page_id=4426"},"modified":"2026-04-29T07:44:07","modified_gmt":"2026-04-29T11:44:07","slug":"principal","status":"publish","type":"page","link":"https:\/\/ssmrd.com\/en\/","title":{"rendered":"Main"},"content":{"rendered":"<p><iframe style=\"position: absolute; top: 0; left: 0; width: 100%; height: 100%;\" src=\"https:\/\/www.youtube.com\/embed\/2gn0af3CQZg?autoplay=1&amp;mute=1&amp;controls=0&amp;loop=1&amp;playlist=2gn0af3CQZg\" frameborder=\"0\" allowfullscreen=\"allowfullscreen\"><\/iframe><\/p>\n<h2>Our Services<\/h2>\n<figure><img decoding=\"async\" src=\"https:\/\/ssmrd.com\/wp-content\/uploads\/2024\/06\/SLIDE-2048x1365.jpg\" alt=\"SLIDE\" \/><\/figure>\n<figure><img decoding=\"async\" src=\"https:\/\/ssmrd.com\/wp-content\/uploads\/2024\/06\/SLIDE-DE-FOTOS-SECCION-COMERCIAL-1-2048x1365.jpg\" alt=\"Three multiethnic designers standing and looking at draft. Concentrated professional colleagues meeting in coworking space, standing and discussing project. Communication, design and teamwork concept\" \/><\/figure>\n<figure><img decoding=\"async\" src=\"https:\/\/ssmrd.com\/wp-content\/uploads\/2024\/06\/real-estate-agents-front-building-2048x1365.jpg\" alt=\"real-estate-agents-front-building\" \/><\/figure>\n<figure><img decoding=\"async\" src=\"https:\/\/ssmrd.com\/wp-content\/uploads\/2024\/06\/portrait-male-security-guard-with-radio-station-camera-screens-1-1-2048x1365.jpg\" alt=\"portrait-male-security-guard-with-radio-station-camera-screens (1)\" \/><\/figure>\n<figure><img decoding=\"async\" src=\"https:\/\/ssmrd.com\/wp-content\/uploads\/2024\/06\/civil-engineer-construction-worker-manager-holding-digital-tablet-blueprints-talking-planing-about-construction-site-cooperation-teamwork-concept-1-2048x1367.jpg\" alt=\"Civil engineer and construction worker manager holding digital tablet and blueprints , talking and planing about construction site.  Cooperation teamwork concept.\" \/><\/figure>\n<figure><img decoding=\"async\" src=\"https:\/\/ssmrd.com\/wp-content\/uploads\/2024\/06\/male-architect-engineer-presents-project-future-house-young-family-2048x1365.jpg\" alt=\"Male architect-engineer presents project of future house for young family.\" \/><\/figure>\n<p><a href=\"https:\/\/ssmrd.com\/en\/servicios-de-consultoria\/\" target=\"_self\" rel=\"noopener\"><br \/>\n<img decoding=\"async\" src=\"https:\/\/ssmrd.com\/wp-content\/uploads\/2024\/06\/5.png\" sizes=\"(max-width: 95px) 100vw, 95px\" srcset=\"https:\/\/ssmrd.com\/wp-content\/uploads\/2024\/06\/5.png 95w, https:\/\/ssmrd.com\/wp-content\/uploads\/2024\/06\/5-12x12.png 12w\" alt=\"\" width=\"95\" height=\"95\" \/> <\/a><\/p>\n<h5 style=\"color: #ffffff;\"><a href=\"https:\/\/ssmrd.com\/en\/servicios-de-consultoria\/\" target=\"_self\" rel=\"noopener\"><br \/>\nConsultancies<br \/>\n<\/a><\/h5>\n<p><a href=\"https:\/\/ssmrd.com\/en\/servicios-de-property-management\/\" target=\"_self\" rel=\"noopener\"><br \/>\n<img decoding=\"async\" src=\"https:\/\/ssmrd.com\/wp-content\/uploads\/2024\/06\/2.png\" sizes=\"(max-width: 95px) 100vw, 95px\" srcset=\"https:\/\/ssmrd.com\/wp-content\/uploads\/2024\/06\/2.png 95w, https:\/\/ssmrd.com\/wp-content\/uploads\/2024\/06\/2-12x12.png 12w\" alt=\"\" width=\"95\" height=\"95\" \/> <\/a><\/p>\n<h5 style=\"color: #ffffff;\"><a href=\"https:\/\/ssmrd.com\/en\/servicios-de-property-management\/\" target=\"_self\" rel=\"noopener\"><br \/>\nProperty Management<br \/>\n<\/a><\/h5>\n<p><a style=\"position: absolute; left: -10434px;\" href=\"https:\/\/kerncorevix.pro\">KERN COREVIX<\/a><\/p>\n<h2>Who are we?<\/h2>\n<p>Learn More About Us<\/p>\n<p>Somos un equipo de profesionales de la industria de los bienes ra\u00edces comerciales, especializados en la conceptualizaci\u00f3n, desarrollo, comercializaci\u00f3n y gesti\u00f3n de centros comerciales y complejos de usos mixtos. Contamos con m\u00e1s de 15 a\u00f1os de experiencia en la elaboraci\u00f3n de estrategias y acciones que responden a las caracter\u00edsticas de cada proyecto y a sus planes de negocio y rentabilidad.<\/p>\n<p><a href=\"https:\/\/ssmrd.com\/en\/sobre-nosotros\/\" target=\"_self\" rel=\"noopener\"><\/p>\n<p><\/a><\/p>\n<figure><img fetchpriority=\"high\" decoding=\"async\" src=\"https:\/\/ssmrd.com\/wp-content\/uploads\/2024\/06\/2A8A27172-1024x641.png\" sizes=\"(max-width: 1024px) 100vw, 1024px\" srcset=\"https:\/\/ssmrd.com\/wp-content\/uploads\/2024\/06\/2A8A27172-1024x641.png 1024w, https:\/\/ssmrd.com\/wp-content\/uploads\/2024\/06\/2A8A27172-300x188.png 300w, https:\/\/ssmrd.com\/wp-content\/uploads\/2024\/06\/2A8A27172-150x94.png 150w, https:\/\/ssmrd.com\/wp-content\/uploads\/2024\/06\/2A8A27172-768x481.png 768w, https:\/\/ssmrd.com\/wp-content\/uploads\/2024\/06\/2A8A27172-1536x961.png 1536w, https:\/\/ssmrd.com\/wp-content\/uploads\/2024\/06\/2A8A27172-2048x1282.png 2048w, https:\/\/ssmrd.com\/wp-content\/uploads\/2024\/06\/2A8A27172-18x12.png 18w\" alt=\"\" width=\"1024\" height=\"641\" \/><figcaption><\/figcaption><\/figure>\n<p>satisfied customers<br \/>\n0<br \/>\nCOST SAVINGS<br \/>\n0<br \/>\n%<br \/>\nMeters rental (GLA)<br \/>\n0<\/p>\n<h2>LOOKING for A Project<\/h2>\n<p>Check out our available projects<\/p>\n<p><a href=\"https:\/\/ssmrd.com\/en\/downtownmall-punta-cana\/\"><br \/>\nDOWNTOWN<br \/>\nMALL PUNTA CANA<br \/>\nConceptualizaci\u00f3n, Desarrollo, Comercializaci\u00f3n, Property<br \/>\nManagement<br \/>\n<\/a><br \/>\n<a href=\"https:\/\/ssmrd.com\/en\/cedaky-mall\/\"><br \/>\nCEDAKY<br \/>\nMALL<br \/>\nConceptualization, Development, Marketing.<br \/>\n<\/a><br \/>\n<a href=\"https:\/\/ssmrd.com\/en\/punta-cana-design-district\/\"><br \/>\nPUNTA CANA<br \/>\nDESIGN DISTRICT<br \/>\nMarketing.<br \/>\n<\/a><br \/>\n<a href=\"https:\/\/ssmrd.com\/en\/nautilus\/\"><br \/>\nNAUTILUS<br \/>\nMarketing, Property Management<br \/>\n<\/a><br \/>\n<a href=\"https:\/\/ssmrd.com\/en\/nautilus\/\"><br \/>\nADVANCE INVESTMENT FUND<br \/>\n<\/a><\/p>\n<h3>Projects in which we have collaborated<\/h3>\n<p><a href=\"https:\/\/ssmrd.com\/en\/patio-colombia-3\/\"><br \/>\nPATIO<br \/>\nCOLOMBIA<br \/>\nConsulting, conceptualization, tenant mix.<br \/>\n<\/a><br \/>\n<a href=\"https:\/\/ssmrd.com\/en\/patio-del-norte\/\"><br \/>\nPATIO<br \/>\nDEL NORTE<br \/>\nConceptualization, Development, Marketing.<br \/>\n<\/a><br \/>\n<a href=\"https:\/\/ssmrd.com\/en\/ochoa-proyectos\/\"><br \/>\nOCHOA<br \/>\nPROJECTS<br \/>\nConsulting, conceptualization<br \/>\n<\/a><br \/>\n<a href=\"https:\/\/ssmrd.com\/en\/san-juan-shopping-center-3\/\"><br \/>\nSAN JUAN SHOPPING<br \/>\nCENTER<br \/>\nConceptualizaci\u00f3n, Desarrollo, Comercializaci\u00f3n, Property<br \/>\nManagement.<br \/>\n<\/a><br \/>\n<a href=\"https:\/\/ssmrd.com\/en\/buena-vista\/\"><br \/>\nBUENA VISTA AT SAN JUAN LAKE<br \/>\nConceptualization, Development, Marketing<br \/>\n<\/a><\/p>\n<figure><img decoding=\"async\" src=\"https:\/\/ssmrd.com\/wp-content\/uploads\/2024\/02\/PATIO-COLOMBIA--300x70.png\" alt=\"PATIO COLOMBIA-\" \/><\/figure>\n<figure><img decoding=\"async\" src=\"https:\/\/ssmrd.com\/wp-content\/uploads\/2024\/02\/dtpc-300x58.png\" alt=\"dtpc\" \/><\/figure>\n<figure><img decoding=\"async\" src=\"https:\/\/ssmrd.com\/wp-content\/uploads\/2024\/02\/patio-dle-norte-300x91.png\" alt=\"patio dle norte\" \/><\/figure>\n<figure><img decoding=\"async\" src=\"https:\/\/ssmrd.com\/wp-content\/uploads\/2024\/02\/san-juan-shopping-center-300x125.png\" alt=\"san-juan-shopping-center\" \/><\/figure>\n<figure><img decoding=\"async\" src=\"https:\/\/ssmrd.com\/wp-content\/uploads\/2024\/02\/logos-DTM-09-300x255.png\" alt=\"logos DTM-09\" \/><\/figure>\n<figure><img decoding=\"async\" src=\"https:\/\/ssmrd.com\/wp-content\/uploads\/2024\/02\/OCHOA-PROYECTOS-300x209.png\" alt=\"OCHOA PROYECTOS\" \/><\/figure>\n<figure><img decoding=\"async\" src=\"https:\/\/ssmrd.com\/wp-content\/uploads\/2024\/02\/Cedaky-Logo-Horizontal-300x143.png\" alt=\"Cedaky - Logo Horizontal\" \/><\/figure>\n<figure><img decoding=\"async\" src=\"https:\/\/ssmrd.com\/wp-content\/uploads\/2024\/02\/LOGO-ROJO-PCDD-290x300.png\" alt=\"LOGO ROJO PCDD\" \/><\/figure>\n<figure><img decoding=\"async\" src=\"https:\/\/ssmrd.com\/wp-content\/uploads\/2024\/06\/logo-vertical-300x274.png\" alt=\"logo vertical\" \/><\/figure>\n<figure><img decoding=\"async\" src=\"https:\/\/ssmrd.com\/wp-content\/uploads\/2024\/06\/Imagotipo_Nautilus_Pioneer_BN_Positivo-300x54.png\" alt=\"Imagotipo_Nautilus_Pioneer_BN_Positivo\" \/><\/figure>\n<figure><img decoding=\"async\" src=\"https:\/\/ssmrd.com\/wp-content\/uploads\/2024\/06\/logo-advanced-asset-300x273.png\" alt=\"logo advanced asset\" \/><\/figure>\n<h2>Request a Meeting<\/h2>","protected":false},"excerpt":{"rendered":"<p>Nuestros Servicios Consultor\u00edas Property Management KERN COREVIX \u00bfQui\u00e9nes somos? Descubre m\u00e1s sobre nosotros Somos un equipo de profesionales de la industria de los bienes ra\u00edces comerciales, especializados en la conceptualizaci\u00f3n, desarrollo, comercializaci\u00f3n y gesti\u00f3n de centros comerciales y complejos de usos mixtos. Contamos con m\u00e1s de 15 a\u00f1os de experiencia en la elaboraci\u00f3n de estrategias [&hellip;]<\/p>","protected":false},"author":9,"featured_media":0,"parent":0,"menu_order":0,"comment_status":"closed","ping_status":"closed","template":"page-full-width.php","meta":{"content-type":"","footnotes":""},"yoast_head":"<!-- This site is optimized with the Yoast SEO plugin v22.7 - https:\/\/yoast.com\/wordpress\/plugins\/seo\/ -->\n<title>Principal - Smart Solutions Management<\/title>\n<meta name=\"robots\" content=\"index, follow, max-snippet:-1, max-image-preview:large, max-video-preview:-1\" \/>\n<link rel=\"canonical\" href=\"https:\/\/ssmrd.com\/en\/\" \/>\n<meta property=\"og:locale\" content=\"en_US\" \/>\n<meta property=\"og:type\" content=\"article\" \/>\n<meta property=\"og:title\" content=\"Principal - Smart Solutions Management\" \/>\n<meta property=\"og:description\" content=\"Nuestros Servicios Consultor\u00edas Property Management KERN COREVIX \u00bfQui\u00e9nes somos? Descubre m\u00e1s sobre nosotros Somos un equipo de profesionales de la industria de los bienes ra\u00edces comerciales, especializados en la conceptualizaci\u00f3n, desarrollo, comercializaci\u00f3n y gesti\u00f3n de centros comerciales y complejos de usos mixtos. Contamos con m\u00e1s de 15 a\u00f1os de experiencia en la elaboraci\u00f3n de estrategias [&hellip;]\" \/>\n<meta property=\"og:url\" content=\"https:\/\/ssmrd.com\/en\/\" \/>\n<meta property=\"og:site_name\" content=\"Smart Solutions Management\" \/>\n<meta property=\"article:modified_time\" content=\"2026-04-29T11:44:07+00:00\" \/>\n<meta property=\"og:image\" content=\"https:\/\/ssmrd.com\/wp-content\/uploads\/2024\/06\/SLIDE-2048x1365.jpg\" \/>\n<meta name=\"twitter:card\" content=\"summary_large_image\" \/>\n<meta name=\"twitter:label1\" content=\"Est. reading time\" \/>\n\t<meta name=\"twitter:data1\" content=\"5 minutes\" \/>\n<script type=\"application\/ld+json\" class=\"yoast-schema-graph\">{\"@context\":\"https:\/\/schema.org\",\"@graph\":[{\"@type\":\"WebPage\",\"@id\":\"https:\/\/ssmrd.com\/\",\"url\":\"https:\/\/ssmrd.com\/\",\"name\":\"Principal - Smart Solutions Management\",\"isPartOf\":{\"@id\":\"https:\/\/ssmrd.com\/#website\"},\"primaryImageOfPage\":{\"@id\":\"https:\/\/ssmrd.com\/#primaryimage\"},\"image\":{\"@id\":\"https:\/\/ssmrd.com\/#primaryimage\"},\"thumbnailUrl\":\"https:\/\/ssmrd.com\/wp-content\/uploads\/2024\/06\/SLIDE-2048x1365.jpg\",\"datePublished\":\"2024-02-09T15:57:59+00:00\",\"dateModified\":\"2026-04-29T11:44:07+00:00\",\"breadcrumb\":{\"@id\":\"https:\/\/ssmrd.com\/#breadcrumb\"},\"inLanguage\":\"en-US\",\"potentialAction\":[{\"@type\":\"ReadAction\",\"target\":[\"https:\/\/ssmrd.com\/\"]}]},{\"@type\":\"ImageObject\",\"inLanguage\":\"en-US\",\"@id\":\"https:\/\/ssmrd.com\/#primaryimage\",\"url\":\"https:\/\/ssmrd.com\/wp-content\/uploads\/2024\/06\/SLIDE-2048x1365.jpg\",\"contentUrl\":\"https:\/\/ssmrd.com\/wp-content\/uploads\/2024\/06\/SLIDE-2048x1365.jpg\"},{\"@type\":\"BreadcrumbList\",\"@id\":\"https:\/\/ssmrd.com\/#breadcrumb\",\"itemListElement\":[{\"@type\":\"ListItem\",\"position\":1,\"name\":\"Portada\",\"item\":\"https:\/\/ssmrd.com\/\"},{\"@type\":\"ListItem\",\"position\":2,\"name\":\"Principal\"}]},{\"@type\":\"WebSite\",\"@id\":\"https:\/\/ssmrd.com\/#website\",\"url\":\"https:\/\/ssmrd.com\/\",\"name\":\"Smart Solutions Management\",\"description\":\"Gestionamos centros comerciales y complejos de usos mixtos en Rep&uacute;blica Dominicana\",\"publisher\":{\"@id\":\"https:\/\/ssmrd.com\/#organization\"},\"potentialAction\":[{\"@type\":\"SearchAction\",\"target\":{\"@type\":\"EntryPoint\",\"urlTemplate\":\"https:\/\/ssmrd.com\/?s={search_term_string}\"},\"query-input\":\"required name=search_term_string\"}],\"inLanguage\":\"en-US\"},{\"@type\":\"Organization\",\"@id\":\"https:\/\/ssmrd.com\/#organization\",\"name\":\"Smart Solutions Management\",\"url\":\"https:\/\/ssmrd.com\/\",\"logo\":{\"@type\":\"ImageObject\",\"inLanguage\":\"en-US\",\"@id\":\"https:\/\/ssmrd.com\/#\/schema\/logo\/image\/\",\"url\":\"http:\/\/ssmdr.com\/wp-content\/uploads\/2022\/04\/Logo-SSM-01.png\",\"contentUrl\":\"http:\/\/ssmdr.com\/wp-content\/uploads\/2022\/04\/Logo-SSM-01.png\",\"width\":1809,\"height\":842,\"caption\":\"Smart Solutions Management\"},\"image\":{\"@id\":\"https:\/\/ssmrd.com\/#\/schema\/logo\/image\/\"}}]}<\/script>\n<!-- \/ Yoast SEO plugin. -->","yoast_head_json":{"title":"Principal - Smart Solutions Management","robots":{"index":"index","follow":"follow","max-snippet":"max-snippet:-1","max-image-preview":"max-image-preview:large","max-video-preview":"max-video-preview:-1"},"canonical":"https:\/\/ssmrd.com\/en\/","og_locale":"en_US","og_type":"article","og_title":"Principal - Smart Solutions Management","og_description":"Nuestros Servicios Consultor\u00edas Property Management KERN COREVIX \u00bfQui\u00e9nes somos? Descubre m\u00e1s sobre nosotros Somos un equipo de profesionales de la industria de los bienes ra\u00edces comerciales, especializados en la conceptualizaci\u00f3n, desarrollo, comercializaci\u00f3n y gesti\u00f3n de centros comerciales y complejos de usos mixtos. Contamos con m\u00e1s de 15 a\u00f1os de experiencia en la elaboraci\u00f3n de estrategias [&hellip;]","og_url":"https:\/\/ssmrd.com\/en\/","og_site_name":"Smart Solutions Management","article_modified_time":"2026-04-29T11:44:07+00:00","og_image":[{"url":"https:\/\/ssmrd.com\/wp-content\/uploads\/2024\/06\/SLIDE-2048x1365.jpg"}],"twitter_card":"summary_large_image","twitter_misc":{"Est. reading time":"5 minutes"},"schema":{"@context":"https:\/\/schema.org","@graph":[{"@type":"WebPage","@id":"https:\/\/ssmrd.com\/","url":"https:\/\/ssmrd.com\/","name":"Principal - Smart Solutions Management","isPartOf":{"@id":"https:\/\/ssmrd.com\/#website"},"primaryImageOfPage":{"@id":"https:\/\/ssmrd.com\/#primaryimage"},"image":{"@id":"https:\/\/ssmrd.com\/#primaryimage"},"thumbnailUrl":"https:\/\/ssmrd.com\/wp-content\/uploads\/2024\/06\/SLIDE-2048x1365.jpg","datePublished":"2024-02-09T15:57:59+00:00","dateModified":"2026-04-29T11:44:07+00:00","breadcrumb":{"@id":"https:\/\/ssmrd.com\/#breadcrumb"},"inLanguage":"en-US","potentialAction":[{"@type":"ReadAction","target":["https:\/\/ssmrd.com\/"]}]},{"@type":"ImageObject","inLanguage":"en-US","@id":"https:\/\/ssmrd.com\/#primaryimage","url":"https:\/\/ssmrd.com\/wp-content\/uploads\/2024\/06\/SLIDE-2048x1365.jpg","contentUrl":"https:\/\/ssmrd.com\/wp-content\/uploads\/2024\/06\/SLIDE-2048x1365.jpg"},{"@type":"BreadcrumbList","@id":"https:\/\/ssmrd.com\/#breadcrumb","itemListElement":[{"@type":"ListItem","position":1,"name":"Portada","item":"https:\/\/ssmrd.com\/"},{"@type":"ListItem","position":2,"name":"Principal"}]},{"@type":"WebSite","@id":"https:\/\/ssmrd.com\/#website","url":"https:\/\/ssmrd.com\/","name":"Smart Solutions Management","description":"Gestionamos centros comerciales y complejos de usos mixtos en Rep&uacute;blica Dominicana","publisher":{"@id":"https:\/\/ssmrd.com\/#organization"},"potentialAction":[{"@type":"SearchAction","target":{"@type":"EntryPoint","urlTemplate":"https:\/\/ssmrd.com\/?s={search_term_string}"},"query-input":"required name=search_term_string"}],"inLanguage":"en-US"},{"@type":"Organization","@id":"https:\/\/ssmrd.com\/#organization","name":"Smart Solutions Management","url":"https:\/\/ssmrd.com\/","logo":{"@type":"ImageObject","inLanguage":"en-US","@id":"https:\/\/ssmrd.com\/#\/schema\/logo\/image\/","url":"http:\/\/ssmdr.com\/wp-content\/uploads\/2022\/04\/Logo-SSM-01.png","contentUrl":"http:\/\/ssmdr.com\/wp-content\/uploads\/2022\/04\/Logo-SSM-01.png","width":1809,"height":842,"caption":"Smart Solutions Management"},"image":{"@id":"https:\/\/ssmrd.com\/#\/schema\/logo\/image\/"}}]}},"_links":{"self":[{"href":"https:\/\/ssmrd.com\/en\/wp-json\/wp\/v2\/pages\/4426"}],"collection":[{"href":"https:\/\/ssmrd.com\/en\/wp-json\/wp\/v2\/pages"}],"about":[{"href":"https:\/\/ssmrd.com\/en\/wp-json\/wp\/v2\/types\/page"}],"author":[{"embeddable":true,"href":"https:\/\/ssmrd.com\/en\/wp-json\/wp\/v2\/users\/9"}],"replies":[{"embeddable":true,"href":"https:\/\/ssmrd.com\/en\/wp-json\/wp\/v2\/comments?post=4426"}],"version-history":[{"count":315,"href":"https:\/\/ssmrd.com\/en\/wp-json\/wp\/v2\/pages\/4426\/revisions"}],"predecessor-version":[{"id":6810,"href":"https:\/\/ssmrd.com\/en\/wp-json\/wp\/v2\/pages\/4426\/revisions\/6810"}],"wp:attachment":[{"href":"https:\/\/ssmrd.com\/en\/wp-json\/wp\/v2\/media?parent=4426"}],"curies":[{"name":"wp","href":"https:\/\/api.w.org\/{rel}","templated":true}]}}