{"id":3058,"date":"2020-05-12T14:54:42","date_gmt":"2020-05-12T14:54:42","guid":{"rendered":"https:\/\/hendon.qodeinteractive.com\/?page_id=1239"},"modified":"2024-08-06T08:10:09","modified_gmt":"2024-08-06T12:10:09","slug":"contactenos","status":"publish","type":"page","link":"https:\/\/ssmrd.com\/en\/contactenos\/","title":{"rendered":"Contact us"},"content":{"rendered":"<div data-elementor-type=\"wp-page\" data-elementor-id=\"3058\" class=\"elementor elementor-3058\" data-elementor-post-type=\"page\">\n\t\t\t\t\t\t<section class=\"elementor-section elementor-top-section elementor-element elementor-element-e1dcbf6 elementor-section-full_width qodef-elementor-content-grid elementor-section-height-default elementor-section-height-default\" data-id=\"e1dcbf6\" data-element_type=\"section\">\n\t\t\t\t\t\t<div class=\"elementor-container elementor-column-gap-default\">\n\t\t\t\t\t<div class=\"elementor-column elementor-col-100 elementor-top-column elementor-element elementor-element-70a884d\" data-id=\"70a884d\" data-element_type=\"column\">\n\t\t\t<div class=\"elementor-widget-wrap elementor-element-populated\">\n\t\t\t\t\t\t<div class=\"elementor-element elementor-element-746a53c elementor-widget elementor-widget-image\" data-id=\"746a53c\" data-element_type=\"widget\" data-widget_type=\"image.default\">\n\t\t\t\t<div class=\"elementor-widget-container\">\n\t\t\t\t\t\t\t\t\t\t\t\t\t\t\t<img fetchpriority=\"high\" decoding=\"async\" width=\"788\" height=\"449\" src=\"https:\/\/ssmrd.com\/wp-content\/uploads\/2024\/08\/Screenshot-2024-08-06-080717.png\" class=\"attachment-large size-large wp-image-6700\" alt=\"\" srcset=\"https:\/\/ssmrd.com\/wp-content\/uploads\/2024\/08\/Screenshot-2024-08-06-080717.png 788w, https:\/\/ssmrd.com\/wp-content\/uploads\/2024\/08\/Screenshot-2024-08-06-080717-300x171.png 300w, https:\/\/ssmrd.com\/wp-content\/uploads\/2024\/08\/Screenshot-2024-08-06-080717-150x85.png 150w, https:\/\/ssmrd.com\/wp-content\/uploads\/2024\/08\/Screenshot-2024-08-06-080717-768x438.png 768w, https:\/\/ssmrd.com\/wp-content\/uploads\/2024\/08\/Screenshot-2024-08-06-080717-18x10.png 18w\" sizes=\"(max-width: 788px) 100vw, 788px\" \/>\t\t\t\t\t\t\t\t\t\t\t\t\t\t\t<\/div>\n\t\t\t\t<\/div>\n\t\t\t\t\t<\/div>\n\t\t<\/div>\n\t\t\t\t\t<\/div>\n\t\t<\/section>\n\t\t\t\t<section class=\"elementor-section elementor-top-section elementor-element elementor-element-635e73a elementor-section-full_width qodef-elementor-content-grid elementor-section-height-default elementor-section-height-default\" data-id=\"635e73a\" data-element_type=\"section\">\n\t\t\t\t\t\t<div class=\"elementor-container elementor-column-gap-no\">\n\t\t\t\t\t<div class=\"elementor-column elementor-col-100 elementor-top-column elementor-element elementor-element-b13a51c\" data-id=\"b13a51c\" data-element_type=\"column\" data-settings=\"{&quot;background_background&quot;:&quot;classic&quot;}\">\n\t\t\t<div class=\"elementor-widget-wrap elementor-element-populated\">\n\t\t\t\t\t\t<div class=\"elementor-element elementor-element-b139bb0 elementor-widget elementor-widget-heading\" data-id=\"b139bb0\" data-element_type=\"widget\" data-widget_type=\"heading.default\">\n\t\t\t\t<div class=\"elementor-widget-container\">\n\t\t\t\t\t<h2 class=\"elementor-heading-title elementor-size-default\">Request a Meeting<\/h2>\t\t\t\t<\/div>\n\t\t\t\t<\/div>\n\t\t\t\t<div class=\"elementor-element elementor-element-d356156 elementor-widget elementor-widget-hubspot-form\" data-id=\"d356156\" data-element_type=\"widget\" data-widget_type=\"hubspot-form.default\">\n\t\t\t\t<div class=\"elementor-widget-container\">\n\t\t\t\t\t\n\t\t\t\t\t<script>\n\t\t\t\t\t\twindow.hsFormsOnReady = window.hsFormsOnReady || [];\n\t\t\t\t\t\twindow.hsFormsOnReady.push(()=>{\n\t\t\t\t\t\t\thbspt.forms.create({\n\t\t\t\t\t\t\t\tportalId: 23388903,\n\t\t\t\t\t\t\t\tformId: \"7407267e-3aba-4bee-a3a6-c5b9fc1fdd71\",\n\t\t\t\t\t\t\t\ttarget: \"#hbspt-form-1778072531000-6536160633\",\n\t\t\t\t\t\t\t\tregion: \"na1\",\n\t\t\t\t\t\t\t\t\n\t\t\t\t\t\t})});\n\t\t\t\t\t<\/script>\n\t\t\t\t\t<div class=\"hbspt-form\" id=\"hbspt-form-1778072531000-6536160633\"><\/div>\t\t\t\t<\/div>\n\t\t\t\t<\/div>\n\t\t\t\t\t<\/div>\n\t\t<\/div>\n\t\t\t\t\t<\/div>\n\t\t<\/section>\n\t\t\t\t<section class=\"elementor-section elementor-top-section elementor-element elementor-element-4208db1 elementor-section-full_width qodef-elementor-content-grid elementor-section-height-default elementor-section-height-default\" data-id=\"4208db1\" data-element_type=\"section\">\n\t\t\t\t\t\t<div class=\"elementor-container elementor-column-gap-default\">\n\t\t\t\t\t<div class=\"elementor-column elementor-col-100 elementor-top-column elementor-element elementor-element-9655f4d\" data-id=\"9655f4d\" data-element_type=\"column\">\n\t\t\t<div class=\"elementor-widget-wrap elementor-element-populated\">\n\t\t\t\t\t\t<div class=\"elementor-element elementor-element-8e6c737 elementor-widget elementor-widget-heading\" data-id=\"8e6c737\" data-element_type=\"widget\" data-widget_type=\"heading.default\">\n\t\t\t\t<div class=\"elementor-widget-container\">\n\t\t\t\t\t<h2 class=\"elementor-heading-title elementor-size-default\">APPLY FOR A JOB<br><\/h2>\t\t\t\t<\/div>\n\t\t\t\t<\/div>\n\t\t\t\t<div class=\"elementor-element elementor-element-98ba515 elementor-align-center elementor-widget elementor-widget-button\" data-id=\"98ba515\" data-element_type=\"widget\" data-widget_type=\"button.default\">\n\t\t\t\t<div class=\"elementor-widget-container\">\n\t\t\t\t\t\t\t\t\t<div class=\"elementor-button-wrapper\">\n\t\t\t\t\t<a class=\"elementor-button elementor-button-link elementor-size-sm\" href=\"https:\/\/share.hsforms.com\/1i6ho8W67Rq-4u_piu8dKnAdxazr\" target=\"_blank\">\n\t\t\t\t\t\t<span class=\"elementor-button-content-wrapper\">\n\t\t\t\t\t\t\t\t\t<span class=\"elementor-button-text\">Submit Application<\/span>\n\t\t\t\t\t<\/span>\n\t\t\t\t\t<\/a>\n\t\t\t\t<\/div>\n\t\t\t\t\t\t\t\t<\/div>\n\t\t\t\t<\/div>\n\t\t\t\t\t<\/div>\n\t\t<\/div>\n\t\t\t\t\t<\/div>\n\t\t<\/section>\n\t\t\t\t<section class=\"elementor-section elementor-top-section elementor-element elementor-element-7524bf8 elementor-section-full_width qodef-elementor-content-grid elementor-section-height-default elementor-section-height-default\" data-id=\"7524bf8\" data-element_type=\"section\">\n\t\t\t\t\t\t<div class=\"elementor-container elementor-column-gap-default\">\n\t\t\t\t\t<div class=\"elementor-column elementor-col-100 elementor-top-column elementor-element elementor-element-98712d0\" data-id=\"98712d0\" data-element_type=\"column\">\n\t\t\t<div class=\"elementor-widget-wrap elementor-element-populated\">\n\t\t\t\t\t\t<div class=\"elementor-element elementor-element-a4ad6cd elementor-widget elementor-widget-heading\" data-id=\"a4ad6cd\" data-element_type=\"widget\" data-widget_type=\"heading.default\">\n\t\t\t\t<div class=\"elementor-widget-container\">\n\t\t\t\t\t<h5 class=\"elementor-heading-title elementor-size-default\">Bavaro, Punta Cana<\/h5>\t\t\t\t<\/div>\n\t\t\t\t<\/div>\n\t\t\t\t<div class=\"elementor-element elementor-element-41cf86c elementor-widget elementor-widget-text-editor\" data-id=\"41cf86c\" data-element_type=\"widget\" data-widget_type=\"text-editor.default\">\n\t\t\t\t<div class=\"elementor-widget-container\">\n\t\t\t\t\t\t\t\t\t<p><a href=\"https:\/\/www.google.com\/maps\/dir\/\/smart+solutions+management+punta+cana\/data=!4m6!4m5!1m1!4e2!1m2!1m1!1s0x8ea893fc56d3f1b3:0x85e16585478886fe?sa=X&amp;ved=2ahUKEwiSiZafmbOCAxXtjokEHZUACckQ9Rd6BAg4EAA\">Avenida Barcel\u00f3 Km. 8, Downtown Mall Punta Cana Floor Mar 2, Local L2-5, 23301, Dominican Republic<\/a><\/p>\t\t\t\t\t\t\t\t<\/div>\n\t\t\t\t<\/div>\n\t\t\t\t<div class=\"elementor-element elementor-element-700b8e5 elementor-widget elementor-widget-text-editor\" data-id=\"700b8e5\" data-element_type=\"widget\" data-widget_type=\"text-editor.default\">\n\t\t\t\t<div class=\"elementor-widget-container\">\n\t\t\t\t\t\t\t\t\t<p><a href=\"mailto:info@ssmdr.com\"><span style=\"color: #615e5e;\">info@ssmdr.com<\/span><\/a><\/p>\t\t\t\t\t\t\t\t<\/div>\n\t\t\t\t<\/div>\n\t\t\t\t<div class=\"elementor-element elementor-element-5a7bf2f elementor-widget elementor-widget-text-editor\" data-id=\"5a7bf2f\" data-element_type=\"widget\" data-widget_type=\"text-editor.default\">\n\t\t\t\t<div class=\"elementor-widget-container\">\n\t\t\t\t\t\t\t\t\t<p><a href=\"https:\/\/Tel:8094661391\" data-wplink-url-error=\"true\"><span aria-label=\"Call Phone Number +1 809-466-1391\">809-466-1391<\/span><\/a><\/p>\t\t\t\t\t\t\t\t<\/div>\n\t\t\t\t<\/div>\n\t\t\t\t\t<\/div>\n\t\t<\/div>\n\t\t\t\t\t<\/div>\n\t\t<\/section>\n\t\t\t\t<\/div>","protected":false},"excerpt":{"rendered":"<p>Solicitar una reuni\u00f3n Solicitar EMPLEO Enviar Solicitud B\u00e1varo, Punta Cana Av. Barcel\u00f3 Km. 8, Downtown Mall Punta Cana Piso Mar 2, Local L2-5, 23301, Rep\u00fablica Dominicana info@ssmdr.com 809-466-1391<\/p>","protected":false},"author":8,"featured_media":0,"parent":0,"menu_order":0,"comment_status":"closed","ping_status":"closed","template":"page-full-width.php","meta":{"content-type":"","footnotes":""},"yoast_head":"<!-- This site is optimized with the Yoast SEO plugin v22.7 - https:\/\/yoast.com\/wordpress\/plugins\/seo\/ -->\n<title>Cont\u00e1ctenos - Smart Solutions Management<\/title>\n<meta name=\"robots\" content=\"index, follow, max-snippet:-1, max-image-preview:large, max-video-preview:-1\" \/>\n<link rel=\"canonical\" href=\"https:\/\/ssmrd.com\/en\/contactenos\/\" \/>\n<meta property=\"og:locale\" content=\"en_US\" \/>\n<meta property=\"og:type\" content=\"article\" \/>\n<meta property=\"og:title\" content=\"Cont\u00e1ctenos - Smart Solutions Management\" \/>\n<meta property=\"og:description\" content=\"Solicitar una reuni\u00f3n Solicitar EMPLEO Enviar Solicitud B\u00e1varo, Punta Cana Av. Barcel\u00f3 Km. 8, Downtown Mall Punta Cana Piso Mar 2, Local L2-5, 23301, Rep\u00fablica Dominicana info@ssmdr.com 809-466-1391\" \/>\n<meta property=\"og:url\" content=\"https:\/\/ssmrd.com\/en\/contactenos\/\" \/>\n<meta property=\"og:site_name\" content=\"Smart Solutions Management\" \/>\n<meta property=\"article:modified_time\" content=\"2024-08-06T12:10:09+00:00\" \/>\n<meta property=\"og:image\" content=\"https:\/\/ssmrd.com\/wp-content\/uploads\/2024\/08\/Screenshot-2024-08-06-080717.png\" \/>\n<meta name=\"twitter:card\" content=\"summary_large_image\" \/>\n<meta name=\"twitter:label1\" content=\"Est. reading time\" \/>\n\t<meta name=\"twitter:data1\" content=\"1 minute\" \/>\n<script type=\"application\/ld+json\" class=\"yoast-schema-graph\">{\"@context\":\"https:\/\/schema.org\",\"@graph\":[{\"@type\":\"WebPage\",\"@id\":\"https:\/\/ssmrd.com\/contactenos\/\",\"url\":\"https:\/\/ssmrd.com\/contactenos\/\",\"name\":\"Cont\u00e1ctenos - Smart Solutions Management\",\"isPartOf\":{\"@id\":\"https:\/\/ssmrd.com\/#website\"},\"primaryImageOfPage\":{\"@id\":\"https:\/\/ssmrd.com\/contactenos\/#primaryimage\"},\"image\":{\"@id\":\"https:\/\/ssmrd.com\/contactenos\/#primaryimage\"},\"thumbnailUrl\":\"https:\/\/ssmrd.com\/wp-content\/uploads\/2024\/08\/Screenshot-2024-08-06-080717.png\",\"datePublished\":\"2020-05-12T14:54:42+00:00\",\"dateModified\":\"2024-08-06T12:10:09+00:00\",\"breadcrumb\":{\"@id\":\"https:\/\/ssmrd.com\/contactenos\/#breadcrumb\"},\"inLanguage\":\"en-US\",\"potentialAction\":[{\"@type\":\"ReadAction\",\"target\":[\"https:\/\/ssmrd.com\/contactenos\/\"]}]},{\"@type\":\"ImageObject\",\"inLanguage\":\"en-US\",\"@id\":\"https:\/\/ssmrd.com\/contactenos\/#primaryimage\",\"url\":\"https:\/\/ssmrd.com\/wp-content\/uploads\/2024\/08\/Screenshot-2024-08-06-080717.png\",\"contentUrl\":\"https:\/\/ssmrd.com\/wp-content\/uploads\/2024\/08\/Screenshot-2024-08-06-080717.png\"},{\"@type\":\"BreadcrumbList\",\"@id\":\"https:\/\/ssmrd.com\/contactenos\/#breadcrumb\",\"itemListElement\":[{\"@type\":\"ListItem\",\"position\":1,\"name\":\"Portada\",\"item\":\"https:\/\/ssmrd.com\/\"},{\"@type\":\"ListItem\",\"position\":2,\"name\":\"Cont\u00e1ctenos\"}]},{\"@type\":\"WebSite\",\"@id\":\"https:\/\/ssmrd.com\/#website\",\"url\":\"https:\/\/ssmrd.com\/\",\"name\":\"Smart Solutions Management\",\"description\":\"Gestionamos centros comerciales y complejos de usos mixtos en Rep&uacute;blica Dominicana\",\"publisher\":{\"@id\":\"https:\/\/ssmrd.com\/#organization\"},\"potentialAction\":[{\"@type\":\"SearchAction\",\"target\":{\"@type\":\"EntryPoint\",\"urlTemplate\":\"https:\/\/ssmrd.com\/?s={search_term_string}\"},\"query-input\":\"required name=search_term_string\"}],\"inLanguage\":\"en-US\"},{\"@type\":\"Organization\",\"@id\":\"https:\/\/ssmrd.com\/#organization\",\"name\":\"Smart Solutions Management\",\"url\":\"https:\/\/ssmrd.com\/\",\"logo\":{\"@type\":\"ImageObject\",\"inLanguage\":\"en-US\",\"@id\":\"https:\/\/ssmrd.com\/#\/schema\/logo\/image\/\",\"url\":\"http:\/\/ssmdr.com\/wp-content\/uploads\/2022\/04\/Logo-SSM-01.png\",\"contentUrl\":\"http:\/\/ssmdr.com\/wp-content\/uploads\/2022\/04\/Logo-SSM-01.png\",\"width\":1809,\"height\":842,\"caption\":\"Smart Solutions Management\"},\"image\":{\"@id\":\"https:\/\/ssmrd.com\/#\/schema\/logo\/image\/\"}}]}<\/script>\n<!-- \/ Yoast SEO plugin. -->","yoast_head_json":{"title":"Cont\u00e1ctenos - Smart Solutions Management","robots":{"index":"index","follow":"follow","max-snippet":"max-snippet:-1","max-image-preview":"max-image-preview:large","max-video-preview":"max-video-preview:-1"},"canonical":"https:\/\/ssmrd.com\/en\/contactenos\/","og_locale":"en_US","og_type":"article","og_title":"Cont\u00e1ctenos - Smart Solutions Management","og_description":"Solicitar una reuni\u00f3n Solicitar EMPLEO Enviar Solicitud B\u00e1varo, Punta Cana Av. Barcel\u00f3 Km. 8, Downtown Mall Punta Cana Piso Mar 2, Local L2-5, 23301, Rep\u00fablica Dominicana info@ssmdr.com 809-466-1391","og_url":"https:\/\/ssmrd.com\/en\/contactenos\/","og_site_name":"Smart Solutions Management","article_modified_time":"2024-08-06T12:10:09+00:00","og_image":[{"url":"https:\/\/ssmrd.com\/wp-content\/uploads\/2024\/08\/Screenshot-2024-08-06-080717.png"}],"twitter_card":"summary_large_image","twitter_misc":{"Est. reading time":"1 minute"},"schema":{"@context":"https:\/\/schema.org","@graph":[{"@type":"WebPage","@id":"https:\/\/ssmrd.com\/contactenos\/","url":"https:\/\/ssmrd.com\/contactenos\/","name":"Cont\u00e1ctenos - Smart Solutions Management","isPartOf":{"@id":"https:\/\/ssmrd.com\/#website"},"primaryImageOfPage":{"@id":"https:\/\/ssmrd.com\/contactenos\/#primaryimage"},"image":{"@id":"https:\/\/ssmrd.com\/contactenos\/#primaryimage"},"thumbnailUrl":"https:\/\/ssmrd.com\/wp-content\/uploads\/2024\/08\/Screenshot-2024-08-06-080717.png","datePublished":"2020-05-12T14:54:42+00:00","dateModified":"2024-08-06T12:10:09+00:00","breadcrumb":{"@id":"https:\/\/ssmrd.com\/contactenos\/#breadcrumb"},"inLanguage":"en-US","potentialAction":[{"@type":"ReadAction","target":["https:\/\/ssmrd.com\/contactenos\/"]}]},{"@type":"ImageObject","inLanguage":"en-US","@id":"https:\/\/ssmrd.com\/contactenos\/#primaryimage","url":"https:\/\/ssmrd.com\/wp-content\/uploads\/2024\/08\/Screenshot-2024-08-06-080717.png","contentUrl":"https:\/\/ssmrd.com\/wp-content\/uploads\/2024\/08\/Screenshot-2024-08-06-080717.png"},{"@type":"BreadcrumbList","@id":"https:\/\/ssmrd.com\/contactenos\/#breadcrumb","itemListElement":[{"@type":"ListItem","position":1,"name":"Portada","item":"https:\/\/ssmrd.com\/"},{"@type":"ListItem","position":2,"name":"Cont\u00e1ctenos"}]},{"@type":"WebSite","@id":"https:\/\/ssmrd.com\/#website","url":"https:\/\/ssmrd.com\/","name":"Smart Solutions Management","description":"Gestionamos centros comerciales y complejos de usos mixtos en Rep&uacute;blica Dominicana","publisher":{"@id":"https:\/\/ssmrd.com\/#organization"},"potentialAction":[{"@type":"SearchAction","target":{"@type":"EntryPoint","urlTemplate":"https:\/\/ssmrd.com\/?s={search_term_string}"},"query-input":"required name=search_term_string"}],"inLanguage":"en-US"},{"@type":"Organization","@id":"https:\/\/ssmrd.com\/#organization","name":"Smart Solutions Management","url":"https:\/\/ssmrd.com\/","logo":{"@type":"ImageObject","inLanguage":"en-US","@id":"https:\/\/ssmrd.com\/#\/schema\/logo\/image\/","url":"http:\/\/ssmdr.com\/wp-content\/uploads\/2022\/04\/Logo-SSM-01.png","contentUrl":"http:\/\/ssmdr.com\/wp-content\/uploads\/2022\/04\/Logo-SSM-01.png","width":1809,"height":842,"caption":"Smart Solutions Management"},"image":{"@id":"https:\/\/ssmrd.com\/#\/schema\/logo\/image\/"}}]}},"_links":{"self":[{"href":"https:\/\/ssmrd.com\/en\/wp-json\/wp\/v2\/pages\/3058"}],"collection":[{"href":"https:\/\/ssmrd.com\/en\/wp-json\/wp\/v2\/pages"}],"about":[{"href":"https:\/\/ssmrd.com\/en\/wp-json\/wp\/v2\/types\/page"}],"author":[{"embeddable":true,"href":"https:\/\/ssmrd.com\/en\/wp-json\/wp\/v2\/users\/8"}],"replies":[{"embeddable":true,"href":"https:\/\/ssmrd.com\/en\/wp-json\/wp\/v2\/comments?post=3058"}],"version-history":[{"count":103,"href":"https:\/\/ssmrd.com\/en\/wp-json\/wp\/v2\/pages\/3058\/revisions"}],"predecessor-version":[{"id":6706,"href":"https:\/\/ssmrd.com\/en\/wp-json\/wp\/v2\/pages\/3058\/revisions\/6706"}],"wp:attachment":[{"href":"https:\/\/ssmrd.com\/en\/wp-json\/wp\/v2\/media?parent=3058"}],"curies":[{"name":"wp","href":"https:\/\/api.w.org\/{rel}","templated":true}]}}